{"id":6280,"date":"2025-03-10T11:06:22","date_gmt":"2025-03-10T17:06:22","guid":{"rendered":"https:\/\/ofirlaysve.com\/tienda\/?page_id=6280"},"modified":"2025-03-12T12:03:23","modified_gmt":"2025-03-12T18:03:23","slug":"historias-de-exito","status":"publish","type":"page","link":"https:\/\/ofirlaysve.com\/tienda\/historias-de-exito\/","title":{"rendered":"Historias de \u00e9xito"},"content":{"rendered":"\t\t<div data-elementor-type=\"wp-page\" data-elementor-id=\"6280\" class=\"elementor elementor-6280\" data-elementor-post-type=\"page\">\n\t\t\t\t<div class=\"wd-negative-gap elementor-element elementor-element-9719d01 e-flex e-con-boxed e-con e-parent\" data-id=\"9719d01\" data-element_type=\"container\" data-e-type=\"container\">\n\t\t\t\t\t<div class=\"e-con-inner\">\n\t\t\t\t<div class=\"elementor-element elementor-element-fa9399f elementor-widget elementor-widget-wd_testimonials\" data-id=\"fa9399f\" data-element_type=\"widget\" data-e-type=\"widget\" data-widget_type=\"wd_testimonials.default\">\n\t\t\t\t<div class=\"elementor-widget-container\">\n\t\t\t\t\t\t\t<div class=\"testimonials testimon-style-standard  color-scheme- testimon-with-rating testimon-align-center\" id=\"carousel-9897\">\n\t\t\t\n\t\t\t<div class=\"wd-grid-g\" style=\"--wd-col-lg:1;--wd-col-md:1;--wd-col-sm:1;--wd-gap-lg:30px;--wd-gap-sm:10px;\" >\n\t\t\t\t\n\t\t\t\t\t\t\t\t\t\n<div class=\"testimonial wd-col\">\n\t<div class=\"testimonial-inner\">\n\t\t\n\t\t<div class=\"testimonial-content\">\n\t\t\t<div class=\"testimonial-rating\">\n\t\t\t\t<span class=\"star-rating\">\n\t\t\t\t\t<span style=\"width:100%\"><\/span>\n\t\t\t\t<\/span>\n\t\t\t<\/div>\n\n\t\t\t<p><span style=\"color: #000000;\">\"He estado usando Harmony Alpha durante m\u00e1s de 2 a\u00f1os y me ha ayudado a disminuir el dolor en el pecho y mis n\u00fameros de presi\u00f3n arterial han vuelto a la normalidad. Se lo recomend\u00e9 a varios de mis camioneros (de carretera). Estaban preocupados por perder su licencia de conducir DOT (Departamento de Transporte) debido a la lectura alta de la sangre cuando toman su chequeo anual. Ayud\u00f3 a reducir su presi\u00f3n arterial, lo que los mantiene en \u00f3ptimas condiciones para el trabajo'\".<\/span><\/p>\n\t\t\t<footer>\n\t\t\t\tJohn Clough\n\t\t\t\t\t\t\t<\/footer>\n\t\t<\/div>\n\t<\/div>\n<\/div>\t\t\t\t\t\t\t\t\t\n<div class=\"testimonial wd-col\">\n\t<div class=\"testimonial-inner\">\n\t\t\n\t\t<div class=\"testimonial-content\">\n\t\t\t<div class=\"testimonial-rating\">\n\t\t\t\t<span class=\"star-rating\">\n\t\t\t\t\t<span style=\"width:100%\"><\/span>\n\t\t\t\t<\/span>\n\t\t\t<\/div>\n\n\t\t\t<p><span style=\"color: #000000;\">\"Soy enfermera registrada y ped\u00ed Verter para mi compa\u00f1ero Dustin. Desde que tom\u00f3 Verter, los niveles de glucosa de Dustin son m\u00e1s estables y tiene mucha m\u00e1s energ\u00eda. Su m\u00e9dico est\u00e1 asombrado por los resultados. Es posible que Dustin pronto pueda reducir su medicaci\u00f3n para la glucosa, que tiene efectos secundarios que estamos felices de evitar\".<\/span><\/p>\n\t\t\t<footer>\n\t\t\t\tSantiago B.\n\t\t\t\t\t\t\t<\/footer>\n\t\t<\/div>\n\t<\/div>\n<\/div>\t\t\t\t\t\t\t\t\t\n<div class=\"testimonial wd-col\">\n\t<div class=\"testimonial-inner\">\n\t\t\n\t\t<div class=\"testimonial-content\">\n\t\t\t<div class=\"testimonial-rating\">\n\t\t\t\t<span class=\"star-rating\">\n\t\t\t\t\t<span style=\"width:100%\"><\/span>\n\t\t\t\t<\/span>\n\t\t\t<\/div>\n\n\t\t\t<p><span style=\"color: #000000;\">\"Solo tuve que hablar con alguien de OfirLaysv\u00e9 y contarle c\u00f3mo Limpieza Superior me ha ayudado a remover el pa\u00f1o de mi rostro Tengo m\u00e1s de 60 a\u00f1os, pero gracias a Limpieza Superior, me siento como si tuviera 21 a\u00f1os otra vez.\u00a0<\/span><\/p>\n\t\t\t<footer>\n\t\t\t\tB\u00e1rbara\n\t\t\t\t\t\t\t<\/footer>\n\t\t<\/div>\n\t<\/div>\n<\/div>\t\t\t\t\t\t\t\t\t\n<div class=\"testimonial wd-col\">\n\t<div class=\"testimonial-inner\">\n\t\t\n\t\t<div class=\"testimonial-content\">\n\t\t\t<div class=\"testimonial-rating\">\n\t\t\t\t<span class=\"star-rating\">\n\t\t\t\t\t<span style=\"width:100%\"><\/span>\n\t\t\t\t<\/span>\n\t\t\t<\/div>\n\n\t\t\t<p><span style=\"color: #000000;\">\"Tengo presi\u00f3n arterial alta, diabetes y mis piernas y pies se hinchan con edema. Hab\u00eda le\u00eddo que si las condiciones son extremas como las m\u00edas, puedes tomar 3 c\u00e1psulas Harmony Alpha despu\u00e9s de la cena. Mi presi\u00f3n arterial ha bajado 20 puntos. El edema casi ha desaparecido. Estoy durmiendo mejor y tengo m\u00e1s energ\u00eda X2. La piel de mis pies se est\u00e1 suavizando lentamente. Este producto es diferente a muchas otras cosas que he probado, funciona como se anuncia. Le digo a todo el mundo que s\u00e9 lo bueno que es Marine Limpieza Superior y se lo recomiendo a cualquier persona con o sin presi\u00f3n arterial alta\".<\/span><\/p>\n\t\t\t<footer>\n\t\t\t\tHarold de Charleston\n\t\t\t\t\t\t\t<\/footer>\n\t\t<\/div>\n\t<\/div>\n<\/div>\t\t\t\t\t\t\t\t\t\n<div class=\"testimonial wd-col\">\n\t<div class=\"testimonial-inner\">\n\t\t\n\t\t<div class=\"testimonial-content\">\n\t\t\t<div class=\"testimonial-rating\">\n\t\t\t\t<span class=\"star-rating\">\n\t\t\t\t\t<span style=\"width:100%\"><\/span>\n\t\t\t\t<\/span>\n\t\t\t<\/div>\n\n\t\t\t<p><span style=\"color: #000000;\">Recientemente fui a mi m\u00e9dico para un examen f\u00edsico y me dijeron que mi glucosa estaba muy alta. Mi Dr. quer\u00eda probar un par de cosas. Primero, elimin\u00e9 todos los productos l\u00e1cteos de mi dieta, ni refrescos, ni dulces, ni dulces. Volv\u00ed un mes despu\u00e9s, sin cambios. Luego fue sin gluten durante un mes, los mismos resultados, glucosa alta. Investigu\u00e9 por mi cuenta, le\u00ed sobre Verter. Mi investigaci\u00f3n coincidi\u00f3 con lo que OfirLaysv\u00e9 dice en su sitio web. Consegu\u00ed el suministro de 4 meses (la mejor oferta, por el incre\u00edble precio). He estado tomando Verter durante poco menos de un mes y me siento muy bien. \u00a1Justo el otro d\u00eda recib\u00ed una llamada de mi Dr. dici\u00e9ndome que mi glucosa hab\u00eda bajado a un rango normal! Seguir\u00e9 tomando Verter. \u00a1\u00a1USTEDES SON GENIALES!!<\/span><\/p>\n\t\t\t<footer>\n\t\t\t\tElvis Fuentes\n\t\t\t\t\t\t\t<\/footer>\n\t\t<\/div>\n\t<\/div>\n<\/div>\t\t\t\t\t\t\t\t\t\n<div class=\"testimonial wd-col\">\n\t<div class=\"testimonial-inner\">\n\t\t\n\t\t<div class=\"testimonial-content\">\n\t\t\t<div class=\"testimonial-rating\">\n\t\t\t\t<span class=\"star-rating\">\n\t\t\t\t\t<span style=\"width:100%\"><\/span>\n\t\t\t\t<\/span>\n\t\t\t<\/div>\n\n\t\t\t<p><span style=\"color: #000000;\">Les cuento a mis amigos sobre Limpieza Superior y c\u00f3mo era un poco t\u00edmido para hacer pedidos, pero cuando lo pens\u00e9 decid\u00ed probar, porque tengo 64 a\u00f1os y he sido una persona f\u00edsica toda mi vida. Hago ejercicio a menudo y uso escaleras en lugar de ascensores. En 2008 tuve un ataque al coraz\u00f3n y sacudi\u00f3 mi mundo. Acababa de jubilarme despu\u00e9s de 32 a\u00f1os como calderero, una l\u00ednea de trabajo muy dura, construyendo centrales el\u00e9ctricas, puentes, plantas qu\u00edmicas y unos cuantos silos grandes. Desde que comenc\u00e9 a tomar Limpieza Superior he notado una notable mejora en mi cuerpo. gran parte de mi trabajo involucr\u00f3 soldar, y muchos a\u00f1os pueden pasar factura, pero despu\u00e9s de unos 5 meses not\u00e9 que no me costaba respirar como sol\u00eda hacerlo, pero tambi\u00e9n not\u00e9 que una piel m\u00e1s radiante. Solo quer\u00eda decir que mi salud en general ha mejorado. gracias por dejarme descubrir Limpieza Superior.<\/span><\/p>\n\t\t\t<footer>\n\t\t\t\tMar\u00eda Brandford\n\t\t\t\t\t\t\t<\/footer>\n\t\t<\/div>\n\t<\/div>\n<\/div>\t\t\t\t\n\t\t\t\t\t\t\t<\/div>\n\t\t\t\t\t<\/div>\n\t\t\t\t\t\t<\/div>\n\t\t\t\t<\/div>\n\t\t\t\t\t<\/div>\n\t\t\t\t<\/div>\n\t\t\t\t<\/div>\n\t\t","protected":false},"excerpt":{"rendered":"<p>&#8220;He estado usando Harmony Alpha durante m\u00e1s de 2 a\u00f1os y me ha ayudado a disminuir el dolor en el<\/p>\n","protected":false},"author":1,"featured_media":0,"parent":0,"menu_order":0,"comment_status":"closed","ping_status":"closed","template":"","meta":{"order-bump-settings":[],"_wpfnl_thankyou_order_overview":"on","_wpfnl_thankyou_order_details":"on","_wpfnl_thankyou_billing_details":"on","_wpfnl_thankyou_shipping_details":"on","footnotes":""},"class_list":["post-6280","page","type-page","status-publish","hentry"],"jetpack_sharing_enabled":true,"_links":{"self":[{"href":"https:\/\/ofirlaysve.com\/tienda\/wp-json\/wp\/v2\/pages\/6280","targetHints":{"allow":["GET"]}}],"collection":[{"href":"https:\/\/ofirlaysve.com\/tienda\/wp-json\/wp\/v2\/pages"}],"about":[{"href":"https:\/\/ofirlaysve.com\/tienda\/wp-json\/wp\/v2\/types\/page"}],"author":[{"embeddable":true,"href":"https:\/\/ofirlaysve.com\/tienda\/wp-json\/wp\/v2\/users\/1"}],"replies":[{"embeddable":true,"href":"https:\/\/ofirlaysve.com\/tienda\/wp-json\/wp\/v2\/comments?post=6280"}],"version-history":[{"count":23,"href":"https:\/\/ofirlaysve.com\/tienda\/wp-json\/wp\/v2\/pages\/6280\/revisions"}],"predecessor-version":[{"id":6414,"href":"https:\/\/ofirlaysve.com\/tienda\/wp-json\/wp\/v2\/pages\/6280\/revisions\/6414"}],"wp:attachment":[{"href":"https:\/\/ofirlaysve.com\/tienda\/wp-json\/wp\/v2\/media?parent=6280"}],"curies":[{"name":"wp","href":"https:\/\/api.w.org\/{rel}","templated":true}]}}